{"id":1540,"date":"2018-09-29T17:00:25","date_gmt":"2018-09-29T10:00:25","guid":{"rendered":"https:\/\/gww.com.vn\/van-tai-hang-khong\/"},"modified":"2025-09-10T17:25:10","modified_gmt":"2025-09-10T10:25:10","slug":"air-transport","status":"publish","type":"page","link":"https:\/\/gww.com.vn\/en\/air-transport\/","title":{"rendered":"Air Transport"},"content":{"rendered":"  <div id=\"page-header-1912306028\" class=\"page-header-wrapper\">\n  <div class=\"page-title dark featured-title\">\n\n        <div class=\"page-title-bg\">\n      <div class=\"title-bg fill bg-fill\"\n        data-parallax-container=\".page-title\"\n        data-parallax-background\n        data-parallax=\"-\">\n      <\/div>\n      <div class=\"title-overlay fill\"><\/div>\n    <\/div>\n    \n    <div class=\"page-title-inner container align-center text-center flex-row-col medium-flex-wrap\" >\n              <div class=\"title-wrapper flex-col\">\n          <h1 class=\"entry-title mb-0\">\n            Air Transport          <\/h1>\n        <\/div>\n                    <div class=\"title-content flex-col\">\n        <div class=\"title-breadcrumbs pb-half pt-half\"><\/div>      <\/div>\n    <\/div>\n\n     \n<style>\n#page-header-1912306028 .page-title-inner {\n  min-height: 400px;\n}\n#page-header-1912306028 .title-bg {\n  background-image: 39;\n  background-position: 53% 0%;\n}\n<\/style>\n  <\/div>\n    <\/div>\n  \n\t<section class=\"section\" id=\"section_745286459\">\n\t\t<div class=\"bg section-bg fill bg-fill  \" >\n\n\t\t\t\n\t\t\t\n\t\t\t\n\n\t\t<\/div>\n\n\t\t\n\n\t\t<div class=\"section-content relative\">\n\t\t\t\n<div class=\"row\"  id=\"row-1801561444\">\n\n\t<div id=\"col-1906641235\" class=\"col medium-9 small-12 large-9\"  >\n\t\t\t\t<div class=\"col-inner\"  >\n\t\t\t\n\t\t\t\n<div class=\"slider-wrapper relative\" id=\"slider-1812690241\" >\n    <div class=\"slider slider-nav-dots-simple slider-nav-simple slider-nav-large slider-nav-light slider-style-normal slider-show-nav\"\n        data-flickity-options='{\n            \"cellAlign\": \"center\",\n            \"imagesLoaded\": true,\n            \"lazyLoad\": 1,\n            \"freeScroll\": false,\n            \"wrapAround\": true,\n            \"autoPlay\": 6000,\n            \"pauseAutoPlayOnHover\" : true,\n            \"prevNextButtons\": true,\n            \"contain\" : true,\n            \"adaptiveHeight\" : true,\n            \"dragThreshold\" : 10,\n            \"percentPosition\": true,\n            \"pageDots\": true,\n            \"rightToLeft\": false,\n            \"draggable\": true,\n            \"selectedAttraction\": 0.1,\n            \"parallax\" : 0,\n            \"friction\": 0.6        }'\n        >\n        \n\t<div class=\"img has-hover x md-x lg-x y md-y lg-y\" id=\"image_2085027241\">\n\t\t\t\t\t\t\t\t<div class=\"img-inner dark\" >\n\t\t\t\t\t\t\t\t\t\n\t\t\t\t\t<\/div>\n\t\t\t\t\t\t\t\t\n<style>\n#image_2085027241 {\n  width: 100%;\n}\n<\/style>\n\t<\/div>\n\t\n\t<div class=\"img has-hover x md-x lg-x y md-y lg-y\" id=\"image_858451939\">\n\t\t\t\t\t\t\t\t<div class=\"img-inner dark\" >\n\t\t\t\t\t\t\t\t\t\n\t\t\t\t\t<\/div>\n\t\t\t\t\t\t\t\t\n<style>\n#image_858451939 {\n  width: 100%;\n}\n<\/style>\n\t<\/div>\n\t\n\t<div class=\"img has-hover x md-x lg-x y md-y lg-y\" id=\"image_1621838222\">\n\t\t\t\t\t\t\t\t<div class=\"img-inner dark\" >\n\t\t\t\t\t\t\t\t\t\n\t\t\t\t\t<\/div>\n\t\t\t\t\t\t\t\t\n<style>\n#image_1621838222 {\n  width: 100%;\n}\n<\/style>\n\t<\/div>\n\t\n     <\/div>\n\n     <div class=\"loading-spin dark large centered\"><\/div>\n\n\t<\/div>\n\n\n\t<div id=\"gap-997622106\" class=\"gap-element clearfix\" style=\"display:block; height:auto;\">\n\t\t\n<style>\n#gap-997622106 {\n  padding-top: 30px;\n}\n<\/style>\n\t<\/div>\n\t\n<p>V\u1edbi 25 n\u0103m kinh nghi\u1ec7m trong l\u0129nh v\u1ef1c d\u1ecbch v\u1ee5 Logistics, Ch\u00fang t\u00f4i t\u1ef1 h\u00e0o l\u00e0 \u0111\u1ed1i t\u00e1c tin c\u1eady c\u1ee7a h\u00e0ng ngh\u00ecn doanh nghi\u1ec7p trong v\u00e0 ngo\u00e0i n\u01b0\u1edbc. Ch\u00fang t\u00f4i cung c\u1ea5p gi\u1ea3i ph\u00e1p Logistics to\u00e0n di\u1ec7n, t\u1eeb v\u1eadn t\u1ea3i \u0111\u01b0\u1eddng b\u1ed9, \u0111\u01b0\u1eddng bi\u1ec3n, \u0111\u01b0\u1eddng h\u00e0ng kh\u00f4ng \u0111\u1ebfn d\u1ecbch v\u1ee5 kho b\u00e3i, ph\u00e2n ph\u1ed1i v\u00e0 th\u1ee7 t\u1ee5c h\u1ea3i quan.<\/p>\n<div class=\"accordion\">\n\t<div id=\"accordion-2845910688\" class=\"accordion-item\">\n\t\t<a id=\"accordion-2845910688-label\" class=\"accordion-title plain active\" href=\"#accordion-item-t\u1ea1i-sao-l\u1ef1a-ch\u1ecdn-ch\u00fang-t\u00f4i\" aria-expanded=\"true\" aria-controls=\"accordion-2845910688-content\" >\n\t\t\t<button class=\"toggle\" aria-label=\"Toggle\"><i class=\"icon-angle-down\"><\/i><\/button>\n\t\t\t<span>T\u1ea1i sao l\u1ef1a ch\u1ecdn ch\u00fang t\u00f4i<\/span>\n\t\t<\/a>\n\t\t<div id=\"accordion-2845910688-content\" class=\"accordion-inner\" style=\"display: block;\" aria-labelledby=\"accordion-2845910688-label\" >\n\t\t\t\n<p>V\u1edbi 25 n\u0103m kinh nghi\u1ec7m trong l\u0129nh v\u1ef1c d\u1ecbch v\u1ee5 Logistics, Ch\u00fang t\u00f4i t\u1ef1 h\u00e0o l\u00e0 \u0111\u1ed1i t\u00e1c tin c\u1eady c\u1ee7a h\u00e0ng ngh\u00ecn doanh nghi\u1ec7p trong v\u00e0 ngo\u00e0i n\u01b0\u1edbc. Ch\u00fang t\u00f4i cung c\u1ea5p gi\u1ea3i ph\u00e1p Logistics to\u00e0n di\u1ec7n, t\u1eeb v\u1eadn t\u1ea3i \u0111\u01b0\u1eddng b\u1ed9, \u0111\u01b0\u1eddng bi\u1ec3n, \u0111\u01b0\u1eddng h\u00e0ng kh\u00f4ng \u0111\u1ebfn d\u1ecbch v\u1ee5 kho b\u00e3i, ph\u00e2n ph\u1ed1i v\u00e0 th\u1ee7 t\u1ee5c h\u1ea3i quan.<\/p>\n\t\t<\/div>\n\t<\/div>\n\t\n\t<div id=\"accordion-4016493442\" class=\"accordion-item\">\n\t\t<a id=\"accordion-4016493442-label\" class=\"accordion-title plain\" href=\"#accordion-item-c\u01a1-s\u1edf-v\u1eadt-ch\u1ea5t-c\u1ee7a-ch\u00fang-t\u00f4i\" aria-expanded=\"false\" aria-controls=\"accordion-4016493442-content\" >\n\t\t\t<button class=\"toggle\" aria-label=\"Toggle\"><i class=\"icon-angle-down\"><\/i><\/button>\n\t\t\t<span>C\u01a1 s\u1edf v\u1eadt ch\u1ea5t c\u1ee7a ch\u00fang t\u00f4i<\/span>\n\t\t<\/a>\n\t\t<div id=\"accordion-4016493442-content\" class=\"accordion-inner\" aria-labelledby=\"accordion-4016493442-label\" >\n\t\t\t\n<p>V\u1edbi \u0111\u1ed9i ng\u0169 chuy\u00ean gia gi\u00e0u kinh nghi\u1ec7m, h\u1ec7 th\u1ed1ng c\u00f4ng ngh\u1ec7 hi\u1ec7n \u0111\u1ea1i v\u00e0 m\u1ea1ng l\u01b0\u1edbi \u0111\u1ed1i t\u00e1c r\u1ed9ng kh\u1eafp, ch\u00fang t\u00f4i cam k\u1ebft mang \u0111\u1ebfn d\u1ecbch v\u1ee5 t\u1ed1i \u01b0u, gi\u00fap kh\u00e1ch h\u00e0ng t\u1ed1i \u0111a h\u00f3a hi\u1ec7u qu\u1ea3 v\u1eadn h\u00e0nh v\u00e0 gi\u1ea3m thi\u1ec3u chi ph\u00ed.<\/p>\n\t\t<\/div>\n\t<\/div>\n\t\n\t<div id=\"accordion-2201979785\" class=\"accordion-item\">\n\t\t<a id=\"accordion-2201979785-label\" class=\"accordion-title plain\" href=\"#accordion-item-gi\u1ea3i-ph\u00e1p-kho-b\u00e3i\" aria-expanded=\"false\" aria-controls=\"accordion-2201979785-content\" >\n\t\t\t<button class=\"toggle\" aria-label=\"Toggle\"><i class=\"icon-angle-down\"><\/i><\/button>\n\t\t\t<span>Gi\u1ea3i ph\u00e1p kho b\u00e3i<\/span>\n\t\t<\/a>\n\t\t<div id=\"accordion-2201979785-content\" class=\"accordion-inner\" aria-labelledby=\"accordion-2201979785-label\" >\n\t\t\t\n<p>S\u1ee9 m\u1ec7nh c\u1ee7a Ch\u00fang t\u00f4i l\u00e0 kh\u00f4ng ng\u1eebng \u0111\u1ed5i m\u1edbi, n\u00e2ng cao ch\u1ea5t l\u01b0\u1ee3ng d\u1ecbch v\u1ee5, \u0111\u00e1p \u1ee9ng nhanh ch\u00f3ng v\u00e0 linh ho\u1ea1t m\u1ecdi nhu c\u1ea7u c\u1ee7a kh\u00e1ch h\u00e0ng, g\u00f3p ph\u1ea7n th\u00fac \u0111\u1ea9y s\u1ef1 ph\u00e1t tri\u1ec3n b\u1ec1n v\u1eefng c\u1ee7a chu\u1ed7i cung \u1ee9ng to\u00e0n c\u1ea7u.<\/p>\n\t\t<\/div>\n\t<\/div>\n\t\n<\/div>\n\t\t<\/div>\n\t\t\t\t\t<\/div>\n\n\t\n\n\t<div id=\"col-940039365\" class=\"col service-sidebar medium-3 small-12 large-3\"  >\n\t\t\t\t<div class=\"col-inner\"  >\n\t\t\t\n\t\t\t\n<p class=\"text-center\"><mark>Block <b>\"738\"<\/b> not found<\/mark><\/p>\n\t\t<\/div>\n\t\t\t\t\t<\/div>\n\n\t\n<\/div>\n\t\t<\/div>\n\n\t\t\n<style>\n#section_745286459 {\n  padding-top: 30px;\n  padding-bottom: 30px;\n}\n#section_745286459 .section-bg.bg-loaded {\n  background-image: 44;\n}\n<\/style>\n\t<\/section>\n\t\n","protected":false},"excerpt":{"rendered":"","protected":false},"author":4,"featured_media":0,"parent":0,"menu_order":0,"comment_status":"closed","ping_status":"closed","template":"page-blank.php","meta":{"footnotes":""},"class_list":["post-1540","page","type-page","status-publish","hentry"],"yoast_head":"<!-- This site is optimized with the Yoast SEO plugin v25.8 - https:\/\/yoast.com\/wordpress\/plugins\/seo\/ -->\n<title>Air Transport - GOLDWORLDWIDE JSC<\/title>\n<meta name=\"robots\" content=\"index, follow, max-snippet:-1, max-image-preview:large, max-video-preview:-1\" \/>\n<link rel=\"canonical\" href=\"https:\/\/gww.com.vn\/en\/air-transport\/\" \/>\n<meta property=\"og:locale\" content=\"en_US\" \/>\n<meta property=\"og:type\" content=\"article\" \/>\n<meta property=\"og:title\" content=\"Air Transport - GOLDWORLDWIDE JSC\" \/>\n<meta property=\"og:url\" content=\"https:\/\/gww.com.vn\/en\/air-transport\/\" \/>\n<meta property=\"og:site_name\" content=\"GOLDWORLDWIDE JSC\" \/>\n<meta property=\"article:modified_time\" content=\"2025-09-10T10:25:10+00:00\" \/>\n<meta name=\"twitter:card\" content=\"summary_large_image\" \/>\n<meta name=\"twitter:label1\" content=\"Est. reading time\" \/>\n\t<meta name=\"twitter:data1\" content=\"2 minutes\" \/>\n<script type=\"application\/ld+json\" class=\"yoast-schema-graph\">{\"@context\":\"https:\/\/schema.org\",\"@graph\":[{\"@type\":\"WebPage\",\"@id\":\"https:\/\/gww.com.vn\/en\/air-transport\/\",\"url\":\"https:\/\/gww.com.vn\/en\/air-transport\/\",\"name\":\"Air Transport - GOLDWORLDWIDE JSC\",\"isPartOf\":{\"@id\":\"https:\/\/www.gww.com.vn\/#website\"},\"datePublished\":\"2018-09-29T10:00:25+00:00\",\"dateModified\":\"2025-09-10T10:25:10+00:00\",\"breadcrumb\":{\"@id\":\"https:\/\/gww.com.vn\/en\/air-transport\/#breadcrumb\"},\"inLanguage\":\"en-US\",\"potentialAction\":[{\"@type\":\"ReadAction\",\"target\":[\"https:\/\/gww.com.vn\/en\/air-transport\/\"]}]},{\"@type\":\"BreadcrumbList\",\"@id\":\"https:\/\/gww.com.vn\/en\/air-transport\/#breadcrumb\",\"itemListElement\":[{\"@type\":\"ListItem\",\"position\":1,\"name\":\"Home\",\"item\":\"https:\/\/gww.com.vn\/en\/\"},{\"@type\":\"ListItem\",\"position\":2,\"name\":\"Air Transport\"}]},{\"@type\":\"WebSite\",\"@id\":\"https:\/\/www.gww.com.vn\/#website\",\"url\":\"https:\/\/www.gww.com.vn\/\",\"name\":\"GOLDWORLDWIDE JSC\",\"description\":\"\",\"potentialAction\":[{\"@type\":\"SearchAction\",\"target\":{\"@type\":\"EntryPoint\",\"urlTemplate\":\"https:\/\/www.gww.com.vn\/?s={search_term_string}\"},\"query-input\":{\"@type\":\"PropertyValueSpecification\",\"valueRequired\":true,\"valueName\":\"search_term_string\"}}],\"inLanguage\":\"en-US\"}]}<\/script>\n<!-- \/ Yoast SEO plugin. -->","yoast_head_json":{"title":"Air Transport - GOLDWORLDWIDE JSC","robots":{"index":"index","follow":"follow","max-snippet":"max-snippet:-1","max-image-preview":"max-image-preview:large","max-video-preview":"max-video-preview:-1"},"canonical":"https:\/\/gww.com.vn\/en\/air-transport\/","og_locale":"en_US","og_type":"article","og_title":"Air Transport - GOLDWORLDWIDE JSC","og_url":"https:\/\/gww.com.vn\/en\/air-transport\/","og_site_name":"GOLDWORLDWIDE JSC","article_modified_time":"2025-09-10T10:25:10+00:00","twitter_card":"summary_large_image","twitter_misc":{"Est. reading time":"2 minutes"},"schema":{"@context":"https:\/\/schema.org","@graph":[{"@type":"WebPage","@id":"https:\/\/gww.com.vn\/en\/air-transport\/","url":"https:\/\/gww.com.vn\/en\/air-transport\/","name":"Air Transport - GOLDWORLDWIDE JSC","isPartOf":{"@id":"https:\/\/www.gww.com.vn\/#website"},"datePublished":"2018-09-29T10:00:25+00:00","dateModified":"2025-09-10T10:25:10+00:00","breadcrumb":{"@id":"https:\/\/gww.com.vn\/en\/air-transport\/#breadcrumb"},"inLanguage":"en-US","potentialAction":[{"@type":"ReadAction","target":["https:\/\/gww.com.vn\/en\/air-transport\/"]}]},{"@type":"BreadcrumbList","@id":"https:\/\/gww.com.vn\/en\/air-transport\/#breadcrumb","itemListElement":[{"@type":"ListItem","position":1,"name":"Home","item":"https:\/\/gww.com.vn\/en\/"},{"@type":"ListItem","position":2,"name":"Air Transport"}]},{"@type":"WebSite","@id":"https:\/\/www.gww.com.vn\/#website","url":"https:\/\/www.gww.com.vn\/","name":"GOLDWORLDWIDE JSC","description":"","potentialAction":[{"@type":"SearchAction","target":{"@type":"EntryPoint","urlTemplate":"https:\/\/www.gww.com.vn\/?s={search_term_string}"},"query-input":{"@type":"PropertyValueSpecification","valueRequired":true,"valueName":"search_term_string"}}],"inLanguage":"en-US"}]}},"_links":{"self":[{"href":"https:\/\/gww.com.vn\/en\/wp-json\/wp\/v2\/pages\/1540","targetHints":{"allow":["GET"]}}],"collection":[{"href":"https:\/\/gww.com.vn\/en\/wp-json\/wp\/v2\/pages"}],"about":[{"href":"https:\/\/gww.com.vn\/en\/wp-json\/wp\/v2\/types\/page"}],"author":[{"embeddable":true,"href":"https:\/\/gww.com.vn\/en\/wp-json\/wp\/v2\/users\/4"}],"replies":[{"embeddable":true,"href":"https:\/\/gww.com.vn\/en\/wp-json\/wp\/v2\/comments?post=1540"}],"version-history":[{"count":1,"href":"https:\/\/gww.com.vn\/en\/wp-json\/wp\/v2\/pages\/1540\/revisions"}],"predecessor-version":[{"id":1559,"href":"https:\/\/gww.com.vn\/en\/wp-json\/wp\/v2\/pages\/1540\/revisions\/1559"}],"wp:attachment":[{"href":"https:\/\/gww.com.vn\/en\/wp-json\/wp\/v2\/media?parent=1540"}],"curies":[{"name":"wp","href":"https:\/\/api.w.org\/{rel}","templated":true}]}}